{"id":197,"date":"2023-11-16T21:51:51","date_gmt":"2023-11-16T21:51:51","guid":{"rendered":"https:\/\/credicep.com\/?page_id=197"},"modified":"2023-11-23T18:27:28","modified_gmt":"2023-11-23T18:27:28","slug":"financiacion","status":"publish","type":"page","link":"https:\/\/credicep.com\/?page_id=197","title":{"rendered":"Financiaci\u00f3n"},"content":{"rendered":"\t\t<div data-elementor-type=\"wp-page\" data-elementor-id=\"197\" class=\"elementor elementor-197\" data-elementor-post-type=\"page\">\n\t\t\t\t<div class=\"elementor-element elementor-element-2ba136c e-flex e-con-boxed e-con e-parent\" data-id=\"2ba136c\" data-element_type=\"container\" data-e-type=\"container\">\n\t\t\t\t\t<div class=\"e-con-inner\">\n\t\t\t\t<div class=\"elementor-element elementor-element-2ff3d77 elementor-widget elementor-widget-image\" data-id=\"2ff3d77\" data-element_type=\"widget\" data-e-type=\"widget\" data-widget_type=\"image.default\">\n\t\t\t\t<div class=\"elementor-widget-container\">\n\t\t\t\t\t\t\t\t\t\t\t\t\t\t\t<img fetchpriority=\"high\" decoding=\"async\" width=\"1920\" height=\"1080\" src=\"https:\/\/credicep.com\/wp-content\/uploads\/2023\/11\/jtc.jpg\" class=\"attachment-full size-full wp-image-345\" alt=\"\" srcset=\"https:\/\/credicep.com\/wp-content\/uploads\/2023\/11\/jtc.jpg 1920w, https:\/\/credicep.com\/wp-content\/uploads\/2023\/11\/jtc-300x169.jpg 300w, https:\/\/credicep.com\/wp-content\/uploads\/2023\/11\/jtc-1024x576.jpg 1024w, https:\/\/credicep.com\/wp-content\/uploads\/2023\/11\/jtc-768x432.jpg 768w, https:\/\/credicep.com\/wp-content\/uploads\/2023\/11\/jtc-1536x864.jpg 1536w\" sizes=\"(max-width: 1920px) 100vw, 1920px\" \/>\t\t\t\t\t\t\t\t\t\t\t\t\t\t\t<\/div>\n\t\t\t\t<\/div>\n\t\t\t\t\t<\/div>\n\t\t\t\t<\/div>\n\t\t<div class=\"elementor-element elementor-element-265a3cf e-flex e-con-boxed e-con e-parent\" data-id=\"265a3cf\" data-element_type=\"container\" data-e-type=\"container\">\n\t\t\t\t\t<div class=\"e-con-inner\">\n\t\t\t\t<div class=\"elementor-element elementor-element-047f454 elementor-widget elementor-widget-text-editor\" data-id=\"047f454\" data-element_type=\"widget\" data-e-type=\"widget\" data-widget_type=\"text-editor.default\">\n\t\t\t\t<div class=\"elementor-widget-container\">\n\t\t\t\t\t\t\t\t\t<div class=\"logo-gutter ng-tns-c196982362-14 ng-star-inserted\"><div class=\"resize-observable\">\u00a0<\/div><\/div><div class=\"response-container-content ng-tns-c196982362-14\"><div class=\"response-content ng-trigger ng-trigger-responsePopulation ng-tns-c196982362-14 ng-animate-disabled\"><div class=\"markdown markdown-main-panel\" dir=\"ltr\"><p data-sourcepos=\"1:1-1:56\"><strong>\u00a1Obt\u00e9n el cr\u00e9dito que necesitas, sin complicaciones!<\/strong><\/p><p data-sourcepos=\"3:1-3:203\">En JT Credit, te ayudamos a gestionar tu cr\u00e9dito de manera r\u00e1pida y sencilla. Contamos con un equipo de expertos que te asesorar\u00e1n en todo el proceso, desde la solicitud hasta la aprobaci\u00f3n.<\/p><p data-sourcepos=\"5:1-5:39\"><strong>Ofrecemos los siguientes servicios:<\/strong><\/p><ul><li><strong>Cr\u00e9dito Vehicular:<\/strong> que Este cr\u00e9dito te permite financiar la compra de un veh\u00edculo nuevo o usado, con una tasa de inter\u00e9s fija o variable.<\/li><\/ul><ul data-sourcepos=\"7:1-13:0\"><li data-sourcepos=\"7:1-7:136\"><strong>Gesti\u00f3n de cr\u00e9dito de libre inversi\u00f3n:<\/strong> Obt\u00e9n el dinero que necesitas para tus proyectos personales o para hacer crecer tu negocio.<\/li><li data-sourcepos=\"8:1-8:73\"><strong>Libranza:<\/strong> Solicita un cr\u00e9dito con garant\u00eda de tu salario o pensi\u00f3n.<\/li><li data-sourcepos=\"9:1-9:89\"><strong>Cr\u00e9dito para pensionados:<\/strong> Obt\u00e9n el financiamiento que necesitas para tu jubilaci\u00f3n.<\/li><li data-sourcepos=\"10:1-10:125\"><strong>Pensionados reportados:<\/strong> Si tienes reportes negativos en tu historial crediticio, podemos ayudarte a obtener un cr\u00e9dito.<\/li><li data-sourcepos=\"11:1-11:147\"><strong>Empleados p\u00fablicos sin o con reportes:<\/strong> Si eres empleado p\u00fablico, podemos ayudarte a obtener un cr\u00e9dito, sin importar tu historial crediticio.<\/li><li data-sourcepos=\"12:1-13:0\"><strong>Tarjetas de cr\u00e9dito:<\/strong> Solicita la tarjeta de cr\u00e9dito que mejor se adapte a tus necesidades.<\/li><\/ul><p data-sourcepos=\"14:1-14:117\"><strong>Con nosotros, puedes estar seguro de que obtendr\u00e1s el cr\u00e9dito que necesitas, en las mejores condiciones posibles.<\/strong><\/p><p data-sourcepos=\"16:1-16:60\"><strong>\u00a1Cont\u00e1ctanos hoy mismo y solicita una asesor\u00eda gratuita!<\/strong><\/p><p data-sourcepos=\"26:1-26:37\">\u00a0<\/p><\/div><\/div><\/div>\t\t\t\t\t\t\t\t<\/div>\n\t\t\t\t<\/div>\n\t\t\t\t<div class=\"elementor-element elementor-element-a3a6e33 elementor-align-center elementor-widget elementor-widget-button\" data-id=\"a3a6e33\" data-element_type=\"widget\" data-e-type=\"widget\" data-widget_type=\"button.default\">\n\t\t\t\t<div class=\"elementor-widget-container\">\n\t\t\t\t\t\t\t\t\t<div class=\"elementor-button-wrapper\">\n\t\t\t\t\t<a class=\"elementor-button elementor-button-link elementor-size-xl\" href=\"tel:+573152951010\">\n\t\t\t\t\t\t<span class=\"elementor-button-content-wrapper\">\n\t\t\t\t\t\t<span class=\"elementor-button-icon\">\n\t\t\t\t<svg aria-hidden=\"true\" class=\"e-font-icon-svg e-fas-phone\" viewBox=\"0 0 512 512\" xmlns=\"http:\/\/www.w3.org\/2000\/svg\"><path d=\"M493.4 24.6l-104-24c-11.3-2.6-22.9 3.3-27.5 13.9l-48 112c-4.2 9.8-1.4 21.3 6.9 28l60.6 49.6c-36 76.7-98.9 140.5-177.2 177.2l-49.6-60.6c-6.8-8.3-18.2-11.1-28-6.9l-112 48C3.9 366.5-2 378.1.6 389.4l24 104C27.1 504.2 36.7 512 48 512c256.1 0 464-207.5 464-464 0-11.2-7.7-20.9-18.6-23.4z\"><\/path><\/svg>\t\t\t<\/span>\n\t\t\t\t\t\t\t\t\t<span class=\"elementor-button-text\">Llama ya:  3152951010<\/span>\n\t\t\t\t\t<\/span>\n\t\t\t\t\t<\/a>\n\t\t\t\t<\/div>\n\t\t\t\t\t\t\t\t<\/div>\n\t\t\t\t<\/div>\n\t\t\t\t<div class=\"elementor-element elementor-element-5b25904 elementor-widget elementor-widget-spacer\" data-id=\"5b25904\" data-element_type=\"widget\" data-e-type=\"widget\" data-widget_type=\"spacer.default\">\n\t\t\t\t<div class=\"elementor-widget-container\">\n\t\t\t\t\t\t\t<div class=\"elementor-spacer\">\n\t\t\t<div class=\"elementor-spacer-inner\"><\/div>\n\t\t<\/div>\n\t\t\t\t\t\t<\/div>\n\t\t\t\t<\/div>\n\t\t\t\t\t<\/div>\n\t\t\t\t<\/div>\n\t\t<div class=\"elementor-element elementor-element-5f057dd e-flex e-con-boxed e-con e-parent\" data-id=\"5f057dd\" data-element_type=\"container\" data-e-type=\"container\">\n\t\t\t\t\t<div class=\"e-con-inner\">\n\t\t\t\t<div class=\"elementor-element elementor-element-fdbe8a9 elementor-widget elementor-widget-text-editor\" data-id=\"fdbe8a9\" data-element_type=\"widget\" data-e-type=\"widget\" data-widget_type=\"text-editor.default\">\n\t\t\t\t<div class=\"elementor-widget-container\">\n\t\t\t\t\t\t\t\t\t<p data-sourcepos=\"22:1-22:23\"><strong>Promoci\u00f3n especial:<\/strong><\/p><p data-sourcepos=\"24:1-24:87\">El Estudio de Cr\u00e9dito es TOTALMENTE <strong>GRATIS<\/strong>!<\/p><p data-sourcepos=\"26:1-26:37\">\u00a1No dejes pasar esta oportunidad!<\/p>\t\t\t\t\t\t\t\t<\/div>\n\t\t\t\t<\/div>\n\t\t\t\t<div class=\"elementor-element elementor-element-65c9887 elementor-widget elementor-widget-spacer\" data-id=\"65c9887\" data-element_type=\"widget\" data-e-type=\"widget\" data-widget_type=\"spacer.default\">\n\t\t\t\t<div class=\"elementor-widget-container\">\n\t\t\t\t\t\t\t<div class=\"elementor-spacer\">\n\t\t\t<div class=\"elementor-spacer-inner\"><\/div>\n\t\t<\/div>\n\t\t\t\t\t\t<\/div>\n\t\t\t\t<\/div>\n\t\t\t\t\t<\/div>\n\t\t\t\t<\/div>\n\t\t\t\t<\/div>\n\t\t","protected":false},"excerpt":{"rendered":"<p>\u00a0 \u00a1Obt\u00e9n el cr\u00e9dito que necesitas, sin complicaciones! En JT Credit, te ayudamos a gestionar tu cr\u00e9dito de manera r\u00e1pida y sencilla. Contamos con un equipo de expertos que te asesorar\u00e1n en todo el proceso, desde la solicitud hasta la aprobaci\u00f3n. Ofrecemos los siguientes servicios: Cr\u00e9dito Vehicular: que Este cr\u00e9dito te permite financiar la compra [&hellip;]<\/p>\n","protected":false},"author":1,"featured_media":0,"parent":0,"menu_order":0,"comment_status":"closed","ping_status":"closed","template":"","meta":{"_joinchat":[],"footnotes":""},"class_list":["post-197","page","type-page","status-publish","hentry"],"_links":{"self":[{"href":"https:\/\/credicep.com\/index.php?rest_route=\/wp\/v2\/pages\/197","targetHints":{"allow":["GET"]}}],"collection":[{"href":"https:\/\/credicep.com\/index.php?rest_route=\/wp\/v2\/pages"}],"about":[{"href":"https:\/\/credicep.com\/index.php?rest_route=\/wp\/v2\/types\/page"}],"author":[{"embeddable":true,"href":"https:\/\/credicep.com\/index.php?rest_route=\/wp\/v2\/users\/1"}],"replies":[{"embeddable":true,"href":"https:\/\/credicep.com\/index.php?rest_route=%2Fwp%2Fv2%2Fcomments&post=197"}],"version-history":[{"count":38,"href":"https:\/\/credicep.com\/index.php?rest_route=\/wp\/v2\/pages\/197\/revisions"}],"predecessor-version":[{"id":361,"href":"https:\/\/credicep.com\/index.php?rest_route=\/wp\/v2\/pages\/197\/revisions\/361"}],"wp:attachment":[{"href":"https:\/\/credicep.com\/index.php?rest_route=%2Fwp%2Fv2%2Fmedia&parent=197"}],"curies":[{"name":"wp","href":"https:\/\/api.w.org\/{rel}","templated":true}]}}